{"id":2429,"date":"2021-12-15T21:19:24","date_gmt":"2021-12-15T21:19:24","guid":{"rendered":"https:\/\/vip.hyundaigranby.com\/?page_id=2429"},"modified":"2021-12-15T21:55:43","modified_gmt":"2021-12-15T21:55:43","slug":"ioniq5-calendar","status":"publish","type":"page","link":"https:\/\/vip.hyundaigranby.com\/?page_id=2429","title":{"rendered":"IONIQ5-CALENDAR"},"content":{"rendered":"\t\t<div data-elementor-type=\"wp-page\" data-elementor-id=\"2429\" class=\"elementor elementor-2429\" data-elementor-post-type=\"page\">\n\t\t\t\t\t\t<section class=\"elementor-section elementor-top-section elementor-element elementor-element-264c9c1 elementor-section-boxed elementor-section-height-default elementor-section-height-default\" data-id=\"264c9c1\" data-element_type=\"section\" data-e-type=\"section\">\n\t\t\t\t\t\t<div class=\"elementor-container elementor-column-gap-default\">\n\t\t\t\t\t<div class=\"elementor-column elementor-col-100 elementor-top-column elementor-element elementor-element-59dd5fa\" data-id=\"59dd5fa\" data-element_type=\"column\" data-e-type=\"column\">\n\t\t\t<div class=\"elementor-widget-wrap elementor-element-populated\">\n\t\t\t\t\t\t<div class=\"elementor-element elementor-element-a3466d6 elementor-widget elementor-widget-html\" data-id=\"a3466d6\" data-element_type=\"widget\" data-e-type=\"widget\" data-widget_type=\"html.default\">\n\t\t\t\t\t<a href=\"https:\/\/www.picktime.com\/c124022a-7493-4914-a63c-4491b52a3c48\" class=\"ptbkbtn\" target=\"_blank\" style=\"float:none;\"><img  title=\"\" decoding=\"async\" border=\"none\" src=\"https:\/\/www.picktime.com\/bookingPage\/img\/picktime-book-online.png\"  alt=\"picktime-book-online IONIQ5-CALENDAR\" \/><\/a>\n\t<script>\n\t!function(e,t,n,s,i,c){i=t.createElement(n),c=t.getElementsByTagName(n)[0],i.async=1,\n\ti.src=s,c.parentNode.insertBefore(i,c)}(window,document,\"script\",\"https:\/\/www.picktime.com\/assets\/booking.js\");\n\t<\/script>\t\t\t\t<\/div>\n\t\t\t\t\t<\/div>\n\t\t<\/div>\n\t\t\t\t\t<\/div>\n\t\t<\/section>\n\t\t\t\t<\/div>\n\t\t","protected":false},"excerpt":{"rendered":"","protected":false},"author":2,"featured_media":0,"parent":0,"menu_order":0,"comment_status":"closed","ping_status":"closed","template":"","meta":{"site-sidebar-layout":"no-sidebar","site-content-layout":"page-builder","ast-site-content-layout":"default","site-content-style":"default","site-sidebar-style":"default","ast-global-header-display":"","ast-banner-title-visibility":"","ast-main-header-display":"","ast-hfb-above-header-display":"","ast-hfb-below-header-display":"","ast-hfb-mobile-header-display":"","site-post-title":"disabled","ast-breadcrumbs-content":"","ast-featured-img":"disabled","footer-sml-layout":"","ast-disable-related-posts":"","theme-transparent-header-meta":"default","adv-header-id-meta":"","stick-header-meta":"","header-above-stick-meta":"","header-main-stick-meta":"","header-below-stick-meta":"","astra-migrate-meta-layouts":"default","ast-page-background-enabled":"default","ast-page-background-meta":{"desktop":{"background-color":"","background-image":"","background-repeat":"repeat","background-position":"center center","background-size":"auto","background-attachment":"scroll","background-type":"","background-media":"","overlay-type":"","overlay-color":"","overlay-opacity":"","overlay-gradient":""},"tablet":{"background-color":"","background-image":"","background-repeat":"repeat","background-position":"center center","background-size":"auto","background-attachment":"scroll","background-type":"","background-media":"","overlay-type":"","overlay-color":"","overlay-opacity":"","overlay-gradient":""},"mobile":{"background-color":"","background-image":"","background-repeat":"repeat","background-position":"center center","background-size":"auto","background-attachment":"scroll","background-type":"","background-media":"","overlay-type":"","overlay-color":"","overlay-opacity":"","overlay-gradient":""}},"ast-content-background-meta":{"desktop":{"background-color":"var(--ast-global-color-5)","background-image":"","background-repeat":"repeat","background-position":"center center","background-size":"auto","background-attachment":"scroll","background-type":"","background-media":"","overlay-type":"","overlay-color":"","overlay-opacity":"","overlay-gradient":""},"tablet":{"background-color":"var(--ast-global-color-5)","background-image":"","background-repeat":"repeat","background-position":"center center","background-size":"auto","background-attachment":"scroll","background-type":"","background-media":"","overlay-type":"","overlay-color":"","overlay-opacity":"","overlay-gradient":""},"mobile":{"background-color":"var(--ast-global-color-5)","background-image":"","background-repeat":"repeat","background-position":"center center","background-size":"auto","background-attachment":"scroll","background-type":"","background-media":"","overlay-type":"","overlay-color":"","overlay-opacity":"","overlay-gradient":""}},"footnotes":""},"class_list":["post-2429","page","type-page","status-publish","hentry"],"yoast_head":"<!-- This site is optimized with the Yoast SEO plugin v27.4 - https:\/\/yoast.com\/product\/yoast-seo-wordpress\/ -->\n<title>IONIQ5-CALENDAR - Hyundai Granby<\/title>\n<meta name=\"description\" content=\"Vous avez d\u00e9couvert la page VIP d&#039;Hyundai Granby : venez voir, essayer, acheter ou louer un v\u00e9hicule \u00e0 Granby en Estrie.\" \/>\n<meta name=\"robots\" content=\"index, follow, max-snippet:-1, max-image-preview:large, max-video-preview:-1\" \/>\n<link rel=\"canonical\" href=\"https:\/\/vip.hyundaigranby.com\/?page_id=2429\" \/>\n<meta property=\"og:locale\" content=\"fr_CA\" \/>\n<meta property=\"og:type\" content=\"article\" \/>\n<meta property=\"og:title\" content=\"IONIQ5-CALENDAR - Hyundai Granby\" \/>\n<meta property=\"og:description\" content=\"Vous avez d\u00e9couvert la page VIP d&#039;Hyundai Granby : venez voir, essayer, acheter ou louer un v\u00e9hicule \u00e0 Granby en Estrie.\" \/>\n<meta property=\"og:url\" content=\"https:\/\/vip.hyundaigranby.com\/?page_id=2429\" \/>\n<meta property=\"og:site_name\" content=\"Hyundai Granby\" \/>\n<meta property=\"article:publisher\" content=\"https:\/\/www.facebook.com\/hyundaigranby\" \/>\n<meta property=\"article:modified_time\" content=\"2021-12-15T21:55:43+00:00\" \/>\n<meta property=\"og:image\" content=\"https:\/\/www.picktime.com\/bookingPage\/img\/picktime-book-online.png\" \/>\n<meta name=\"twitter:card\" content=\"summary_large_image\" \/>\n<meta name=\"twitter:label1\" content=\"Estimation du temps de lecture\" \/>\n\t<meta name=\"twitter:data1\" content=\"1 minute\" \/>\n<script type=\"application\/ld+json\" class=\"yoast-schema-graph\">{\"@context\":\"https:\\\/\\\/schema.org\",\"@graph\":[{\"@type\":\"WebPage\",\"@id\":\"https:\\\/\\\/vip.hyundaigranby.com\\\/?page_id=2429\",\"url\":\"https:\\\/\\\/vip.hyundaigranby.com\\\/?page_id=2429\",\"name\":\"IONIQ5-CALENDAR - Hyundai Granby\",\"isPartOf\":{\"@id\":\"https:\\\/\\\/vip.hyundaigranby.com\\\/#website\"},\"primaryImageOfPage\":{\"@id\":\"https:\\\/\\\/vip.hyundaigranby.com\\\/?page_id=2429#primaryimage\"},\"image\":{\"@id\":\"https:\\\/\\\/vip.hyundaigranby.com\\\/?page_id=2429#primaryimage\"},\"thumbnailUrl\":\"https:\\\/\\\/www.picktime.com\\\/bookingPage\\\/img\\\/picktime-book-online.png\",\"datePublished\":\"2021-12-15T21:19:24+00:00\",\"dateModified\":\"2021-12-15T21:55:43+00:00\",\"description\":\"Vous avez d\u00e9couvert la page VIP d'Hyundai Granby : venez voir, essayer, acheter ou louer un v\u00e9hicule \u00e0 Granby en Estrie.\",\"breadcrumb\":{\"@id\":\"https:\\\/\\\/vip.hyundaigranby.com\\\/?page_id=2429#breadcrumb\"},\"inLanguage\":\"fr-CA\",\"potentialAction\":[{\"@type\":\"ReadAction\",\"target\":[\"https:\\\/\\\/vip.hyundaigranby.com\\\/?page_id=2429\"]}]},{\"@type\":\"ImageObject\",\"inLanguage\":\"fr-CA\",\"@id\":\"https:\\\/\\\/vip.hyundaigranby.com\\\/?page_id=2429#primaryimage\",\"url\":\"https:\\\/\\\/www.picktime.com\\\/bookingPage\\\/img\\\/picktime-book-online.png\",\"contentUrl\":\"https:\\\/\\\/www.picktime.com\\\/bookingPage\\\/img\\\/picktime-book-online.png\"},{\"@type\":\"BreadcrumbList\",\"@id\":\"https:\\\/\\\/vip.hyundaigranby.com\\\/?page_id=2429#breadcrumb\",\"itemListElement\":[{\"@type\":\"ListItem\",\"position\":1,\"name\":\"Accueil\",\"item\":\"https:\\\/\\\/vip.hyundaigranby.com\\\/\"},{\"@type\":\"ListItem\",\"position\":2,\"name\":\"IONIQ5-CALENDAR\"}]},{\"@type\":\"WebSite\",\"@id\":\"https:\\\/\\\/vip.hyundaigranby.com\\\/#website\",\"url\":\"https:\\\/\\\/vip.hyundaigranby.com\\\/\",\"name\":\"Hyundai Granby\",\"description\":\"La nouvelle exp\u00e9rience Hyundai, faites l&#039;achat ou le service de votre v\u00e9hicule sans contacts.\",\"publisher\":{\"@id\":\"https:\\\/\\\/vip.hyundaigranby.com\\\/#organization\"},\"potentialAction\":[{\"@type\":\"SearchAction\",\"target\":{\"@type\":\"EntryPoint\",\"urlTemplate\":\"https:\\\/\\\/vip.hyundaigranby.com\\\/?s={search_term_string}\"},\"query-input\":{\"@type\":\"PropertyValueSpecification\",\"valueRequired\":true,\"valueName\":\"search_term_string\"}}],\"inLanguage\":\"fr-CA\"},{\"@type\":\"Organization\",\"@id\":\"https:\\\/\\\/vip.hyundaigranby.com\\\/#organization\",\"name\":\"Hyundai Granby\",\"url\":\"https:\\\/\\\/vip.hyundaigranby.com\\\/\",\"logo\":{\"@type\":\"ImageObject\",\"inLanguage\":\"fr-CA\",\"@id\":\"https:\\\/\\\/vip.hyundaigranby.com\\\/#\\\/schema\\\/logo\\\/image\\\/\",\"url\":\"https:\\\/\\\/i1.wp.com\\\/vip.hyundaigranby.com\\\/wp-content\\\/uploads\\\/2018\\\/08\\\/New_Logo_Hyundai_2018_BLCBackground.png?fit=5000%2C1273&ssl=1\",\"contentUrl\":\"https:\\\/\\\/i1.wp.com\\\/vip.hyundaigranby.com\\\/wp-content\\\/uploads\\\/2018\\\/08\\\/New_Logo_Hyundai_2018_BLCBackground.png?fit=5000%2C1273&ssl=1\",\"width\":5000,\"height\":1273,\"caption\":\"Hyundai Granby\"},\"image\":{\"@id\":\"https:\\\/\\\/vip.hyundaigranby.com\\\/#\\\/schema\\\/logo\\\/image\\\/\"},\"sameAs\":[\"https:\\\/\\\/www.facebook.com\\\/hyundaigranby\"]}]}<\/script>\n<!-- \/ Yoast SEO plugin. -->","yoast_head_json":{"title":"IONIQ5-CALENDAR - Hyundai Granby","description":"Vous avez d\u00e9couvert la page VIP d'Hyundai Granby : venez voir, essayer, acheter ou louer un v\u00e9hicule \u00e0 Granby en Estrie.","robots":{"index":"index","follow":"follow","max-snippet":"max-snippet:-1","max-image-preview":"max-image-preview:large","max-video-preview":"max-video-preview:-1"},"canonical":"https:\/\/vip.hyundaigranby.com\/?page_id=2429","og_locale":"fr_CA","og_type":"article","og_title":"IONIQ5-CALENDAR - Hyundai Granby","og_description":"Vous avez d\u00e9couvert la page VIP d'Hyundai Granby : venez voir, essayer, acheter ou louer un v\u00e9hicule \u00e0 Granby en Estrie.","og_url":"https:\/\/vip.hyundaigranby.com\/?page_id=2429","og_site_name":"Hyundai Granby","article_publisher":"https:\/\/www.facebook.com\/hyundaigranby","article_modified_time":"2021-12-15T21:55:43+00:00","og_image":[{"url":"https:\/\/www.picktime.com\/bookingPage\/img\/picktime-book-online.png","type":"","width":"","height":""}],"twitter_card":"summary_large_image","twitter_misc":{"Estimation du temps de lecture":"1 minute"},"schema":{"@context":"https:\/\/schema.org","@graph":[{"@type":"WebPage","@id":"https:\/\/vip.hyundaigranby.com\/?page_id=2429","url":"https:\/\/vip.hyundaigranby.com\/?page_id=2429","name":"IONIQ5-CALENDAR - Hyundai Granby","isPartOf":{"@id":"https:\/\/vip.hyundaigranby.com\/#website"},"primaryImageOfPage":{"@id":"https:\/\/vip.hyundaigranby.com\/?page_id=2429#primaryimage"},"image":{"@id":"https:\/\/vip.hyundaigranby.com\/?page_id=2429#primaryimage"},"thumbnailUrl":"https:\/\/www.picktime.com\/bookingPage\/img\/picktime-book-online.png","datePublished":"2021-12-15T21:19:24+00:00","dateModified":"2021-12-15T21:55:43+00:00","description":"Vous avez d\u00e9couvert la page VIP d'Hyundai Granby : venez voir, essayer, acheter ou louer un v\u00e9hicule \u00e0 Granby en Estrie.","breadcrumb":{"@id":"https:\/\/vip.hyundaigranby.com\/?page_id=2429#breadcrumb"},"inLanguage":"fr-CA","potentialAction":[{"@type":"ReadAction","target":["https:\/\/vip.hyundaigranby.com\/?page_id=2429"]}]},{"@type":"ImageObject","inLanguage":"fr-CA","@id":"https:\/\/vip.hyundaigranby.com\/?page_id=2429#primaryimage","url":"https:\/\/www.picktime.com\/bookingPage\/img\/picktime-book-online.png","contentUrl":"https:\/\/www.picktime.com\/bookingPage\/img\/picktime-book-online.png"},{"@type":"BreadcrumbList","@id":"https:\/\/vip.hyundaigranby.com\/?page_id=2429#breadcrumb","itemListElement":[{"@type":"ListItem","position":1,"name":"Accueil","item":"https:\/\/vip.hyundaigranby.com\/"},{"@type":"ListItem","position":2,"name":"IONIQ5-CALENDAR"}]},{"@type":"WebSite","@id":"https:\/\/vip.hyundaigranby.com\/#website","url":"https:\/\/vip.hyundaigranby.com\/","name":"Hyundai Granby","description":"La nouvelle exp\u00e9rience Hyundai, faites l&#039;achat ou le service de votre v\u00e9hicule sans contacts.","publisher":{"@id":"https:\/\/vip.hyundaigranby.com\/#organization"},"potentialAction":[{"@type":"SearchAction","target":{"@type":"EntryPoint","urlTemplate":"https:\/\/vip.hyundaigranby.com\/?s={search_term_string}"},"query-input":{"@type":"PropertyValueSpecification","valueRequired":true,"valueName":"search_term_string"}}],"inLanguage":"fr-CA"},{"@type":"Organization","@id":"https:\/\/vip.hyundaigranby.com\/#organization","name":"Hyundai Granby","url":"https:\/\/vip.hyundaigranby.com\/","logo":{"@type":"ImageObject","inLanguage":"fr-CA","@id":"https:\/\/vip.hyundaigranby.com\/#\/schema\/logo\/image\/","url":"https:\/\/i1.wp.com\/vip.hyundaigranby.com\/wp-content\/uploads\/2018\/08\/New_Logo_Hyundai_2018_BLCBackground.png?fit=5000%2C1273&ssl=1","contentUrl":"https:\/\/i1.wp.com\/vip.hyundaigranby.com\/wp-content\/uploads\/2018\/08\/New_Logo_Hyundai_2018_BLCBackground.png?fit=5000%2C1273&ssl=1","width":5000,"height":1273,"caption":"Hyundai Granby"},"image":{"@id":"https:\/\/vip.hyundaigranby.com\/#\/schema\/logo\/image\/"},"sameAs":["https:\/\/www.facebook.com\/hyundaigranby"]}]}},"_links":{"self":[{"href":"https:\/\/vip.hyundaigranby.com\/index.php?rest_route=\/wp\/v2\/pages\/2429","targetHints":{"allow":["GET"]}}],"collection":[{"href":"https:\/\/vip.hyundaigranby.com\/index.php?rest_route=\/wp\/v2\/pages"}],"about":[{"href":"https:\/\/vip.hyundaigranby.com\/index.php?rest_route=\/wp\/v2\/types\/page"}],"author":[{"embeddable":true,"href":"https:\/\/vip.hyundaigranby.com\/index.php?rest_route=\/wp\/v2\/users\/2"}],"replies":[{"embeddable":true,"href":"https:\/\/vip.hyundaigranby.com\/index.php?rest_route=%2Fwp%2Fv2%2Fcomments&post=2429"}],"version-history":[{"count":13,"href":"https:\/\/vip.hyundaigranby.com\/index.php?rest_route=\/wp\/v2\/pages\/2429\/revisions"}],"predecessor-version":[{"id":2444,"href":"https:\/\/vip.hyundaigranby.com\/index.php?rest_route=\/wp\/v2\/pages\/2429\/revisions\/2444"}],"wp:attachment":[{"href":"https:\/\/vip.hyundaigranby.com\/index.php?rest_route=%2Fwp%2Fv2%2Fmedia&parent=2429"}],"curies":[{"name":"wp","href":"https:\/\/api.w.org\/{rel}","templated":true}]}}