{"id":2446,"date":"2021-12-15T22:16:53","date_gmt":"2021-12-15T22:16:53","guid":{"rendered":"https:\/\/vip.hyundaigranby.com\/?page_id=2446"},"modified":"2021-12-15T22:36:13","modified_gmt":"2021-12-15T22:36:13","slug":"essai-routier-ioniq-5","status":"publish","type":"page","link":"https:\/\/vip.hyundaigranby.com\/?page_id=2446","title":{"rendered":"Essai routier IONIQ 5"},"content":{"rendered":"\t\t<div data-elementor-type=\"wp-page\" data-elementor-id=\"2446\" class=\"elementor elementor-2446\" data-elementor-post-type=\"page\">\n\t\t\t\t\t\t<section class=\"elementor-section elementor-top-section elementor-element elementor-element-54f124b elementor-section-boxed elementor-section-height-default elementor-section-height-default\" data-id=\"54f124b\" data-element_type=\"section\" data-e-type=\"section\">\n\t\t\t\t\t\t<div class=\"elementor-container elementor-column-gap-default\">\n\t\t\t\t\t<div class=\"elementor-column elementor-col-50 elementor-top-column elementor-element elementor-element-2f784ec\" data-id=\"2f784ec\" data-element_type=\"column\" data-e-type=\"column\">\n\t\t\t<div class=\"elementor-widget-wrap elementor-element-populated\">\n\t\t\t\t\t\t<div class=\"elementor-element elementor-element-d33a4ab elementor-widget elementor-widget-image\" data-id=\"d33a4ab\" data-element_type=\"widget\" data-e-type=\"widget\" data-widget_type=\"image.default\">\n\t\t\t\t\t\t\t\t\t\t\t\t\t\t\t<img  title=\"\" fetchpriority=\"high\" decoding=\"async\" width=\"1024\" height=\"576\" src=\"https:\/\/vip.hyundaigranby.com\/wp-content\/uploads\/2021\/11\/1-ioniq5-hyundai-granby-reservation-en-ligne-scaled-e1636651543500-1024x576.jpeg\" class=\"attachment-large size-large wp-image-2208\"  alt=\"1-ioniq5-hyundai-granby-reservation-en-ligne-scaled-e1636651543500-1024x576 Essai routier IONIQ 5\"  srcset=\"https:\/\/vip.hyundaigranby.com\/wp-content\/uploads\/2021\/11\/1-ioniq5-hyundai-granby-reservation-en-ligne-scaled-e1636651543500-1024x576.jpeg 1024w, https:\/\/vip.hyundaigranby.com\/wp-content\/uploads\/2021\/11\/1-ioniq5-hyundai-granby-reservation-en-ligne-scaled-e1636651543500-300x169.jpeg 300w, https:\/\/vip.hyundaigranby.com\/wp-content\/uploads\/2021\/11\/1-ioniq5-hyundai-granby-reservation-en-ligne-scaled-e1636651543500-768x432.jpeg 768w, https:\/\/vip.hyundaigranby.com\/wp-content\/uploads\/2021\/11\/1-ioniq5-hyundai-granby-reservation-en-ligne-scaled-e1636651543500-1536x864.jpeg 1536w, https:\/\/vip.hyundaigranby.com\/wp-content\/uploads\/2021\/11\/1-ioniq5-hyundai-granby-reservation-en-ligne-scaled-e1636651543500-2048x1152.jpeg 2048w\" sizes=\"(max-width: 1024px) 100vw, 1024px\" \/>\t\t\t\t\t\t\t\t\t\t\t\t\t\t\t<\/div>\n\t\t\t\t\t<\/div>\n\t\t<\/div>\n\t\t\t\t<div class=\"elementor-column elementor-col-50 elementor-top-column elementor-element elementor-element-62bf963\" data-id=\"62bf963\" data-element_type=\"column\" data-e-type=\"column\">\n\t\t\t<div class=\"elementor-widget-wrap elementor-element-populated\">\n\t\t\t\t\t\t<div class=\"elementor-element elementor-element-ee79714 elementor-widget elementor-widget-shortcode\" data-id=\"ee79714\" data-element_type=\"widget\" data-e-type=\"widget\" data-widget_type=\"shortcode.default\">\n\t\t\t\t\t\t\t<div class=\"elementor-shortcode\">[CP_APP_HOUR_BOOKING id=\"1\"]<\/div>\n\t\t\t\t\t\t<\/div>\n\t\t\t\t\t<\/div>\n\t\t<\/div>\n\t\t\t\t\t<\/div>\n\t\t<\/section>\n\t\t\t\t<\/div>\n\t\t","protected":false},"excerpt":{"rendered":"<p>[CP_APP_HOUR_BOOKING id=\u00a0\u00bb1&Prime;]<\/p>\n","protected":false},"author":2,"featured_media":0,"parent":0,"menu_order":0,"comment_status":"closed","ping_status":"closed","template":"","meta":{"site-sidebar-layout":"default","site-content-layout":"","ast-site-content-layout":"default","site-content-style":"default","site-sidebar-style":"default","ast-global-header-display":"","ast-banner-title-visibility":"","ast-main-header-display":"","ast-hfb-above-header-display":"","ast-hfb-below-header-display":"","ast-hfb-mobile-header-display":"","site-post-title":"","ast-breadcrumbs-content":"","ast-featured-img":"","footer-sml-layout":"","ast-disable-related-posts":"","theme-transparent-header-meta":"","adv-header-id-meta":"","stick-header-meta":"","header-above-stick-meta":"","header-main-stick-meta":"","header-below-stick-meta":"","astra-migrate-meta-layouts":"default","ast-page-background-enabled":"default","ast-page-background-meta":{"desktop":{"background-color":"","background-image":"","background-repeat":"repeat","background-position":"center center","background-size":"auto","background-attachment":"scroll","background-type":"","background-media":"","overlay-type":"","overlay-color":"","overlay-opacity":"","overlay-gradient":""},"tablet":{"background-color":"","background-image":"","background-repeat":"repeat","background-position":"center center","background-size":"auto","background-attachment":"scroll","background-type":"","background-media":"","overlay-type":"","overlay-color":"","overlay-opacity":"","overlay-gradient":""},"mobile":{"background-color":"","background-image":"","background-repeat":"repeat","background-position":"center center","background-size":"auto","background-attachment":"scroll","background-type":"","background-media":"","overlay-type":"","overlay-color":"","overlay-opacity":"","overlay-gradient":""}},"ast-content-background-meta":{"desktop":{"background-color":"var(--ast-global-color-5)","background-image":"","background-repeat":"repeat","background-position":"center center","background-size":"auto","background-attachment":"scroll","background-type":"","background-media":"","overlay-type":"","overlay-color":"","overlay-opacity":"","overlay-gradient":""},"tablet":{"background-color":"var(--ast-global-color-5)","background-image":"","background-repeat":"repeat","background-position":"center center","background-size":"auto","background-attachment":"scroll","background-type":"","background-media":"","overlay-type":"","overlay-color":"","overlay-opacity":"","overlay-gradient":""},"mobile":{"background-color":"var(--ast-global-color-5)","background-image":"","background-repeat":"repeat","background-position":"center center","background-size":"auto","background-attachment":"scroll","background-type":"","background-media":"","overlay-type":"","overlay-color":"","overlay-opacity":"","overlay-gradient":""}},"footnotes":""},"class_list":["post-2446","page","type-page","status-publish","hentry"],"yoast_head":"<!-- This site is optimized with the Yoast SEO plugin v27.4 - https:\/\/yoast.com\/product\/yoast-seo-wordpress\/ -->\n<title>Essai routier IONIQ 5 - Hyundai Granby<\/title>\n<meta name=\"description\" content=\"Vous avez d\u00e9couvert la page VIP d&#039;Hyundai Granby : venez voir, essayer, acheter ou louer un v\u00e9hicule \u00e0 Granby en Estrie.\" \/>\n<meta name=\"robots\" content=\"index, follow, max-snippet:-1, max-image-preview:large, max-video-preview:-1\" \/>\n<link rel=\"canonical\" href=\"https:\/\/vip.hyundaigranby.com\/?page_id=2446\" \/>\n<meta property=\"og:locale\" content=\"fr_CA\" \/>\n<meta property=\"og:type\" content=\"article\" \/>\n<meta property=\"og:title\" content=\"Essai routier IONIQ 5 - Hyundai Granby\" \/>\n<meta property=\"og:description\" content=\"Vous avez d\u00e9couvert la page VIP d&#039;Hyundai Granby : venez voir, essayer, acheter ou louer un v\u00e9hicule \u00e0 Granby en Estrie.\" \/>\n<meta property=\"og:url\" content=\"https:\/\/vip.hyundaigranby.com\/?page_id=2446\" \/>\n<meta property=\"og:site_name\" content=\"Hyundai Granby\" \/>\n<meta property=\"article:publisher\" content=\"https:\/\/www.facebook.com\/hyundaigranby\" \/>\n<meta property=\"article:modified_time\" content=\"2021-12-15T22:36:13+00:00\" \/>\n<meta property=\"og:image\" content=\"https:\/\/vip.hyundaigranby.com\/wp-content\/uploads\/2021\/11\/1-ioniq5-hyundai-granby-reservation-en-ligne-scaled-e1636651543500-1024x576.jpeg\" \/>\n<meta name=\"twitter:card\" content=\"summary_large_image\" \/>\n<meta name=\"twitter:label1\" content=\"Estimation du temps de lecture\" \/>\n\t<meta name=\"twitter:data1\" content=\"1 minute\" \/>\n<script type=\"application\/ld+json\" class=\"yoast-schema-graph\">{\"@context\":\"https:\\\/\\\/schema.org\",\"@graph\":[{\"@type\":\"WebPage\",\"@id\":\"https:\\\/\\\/vip.hyundaigranby.com\\\/?page_id=2446\",\"url\":\"https:\\\/\\\/vip.hyundaigranby.com\\\/?page_id=2446\",\"name\":\"Essai routier IONIQ 5 - Hyundai Granby\",\"isPartOf\":{\"@id\":\"https:\\\/\\\/vip.hyundaigranby.com\\\/#website\"},\"primaryImageOfPage\":{\"@id\":\"https:\\\/\\\/vip.hyundaigranby.com\\\/?page_id=2446#primaryimage\"},\"image\":{\"@id\":\"https:\\\/\\\/vip.hyundaigranby.com\\\/?page_id=2446#primaryimage\"},\"thumbnailUrl\":\"https:\\\/\\\/vip.hyundaigranby.com\\\/wp-content\\\/uploads\\\/2021\\\/11\\\/1-ioniq5-hyundai-granby-reservation-en-ligne-scaled-e1636651543500-1024x576.jpeg\",\"datePublished\":\"2021-12-15T22:16:53+00:00\",\"dateModified\":\"2021-12-15T22:36:13+00:00\",\"description\":\"Vous avez d\u00e9couvert la page VIP d'Hyundai Granby : venez voir, essayer, acheter ou louer un v\u00e9hicule \u00e0 Granby en Estrie.\",\"breadcrumb\":{\"@id\":\"https:\\\/\\\/vip.hyundaigranby.com\\\/?page_id=2446#breadcrumb\"},\"inLanguage\":\"fr-CA\",\"potentialAction\":[{\"@type\":\"ReadAction\",\"target\":[\"https:\\\/\\\/vip.hyundaigranby.com\\\/?page_id=2446\"]}]},{\"@type\":\"ImageObject\",\"inLanguage\":\"fr-CA\",\"@id\":\"https:\\\/\\\/vip.hyundaigranby.com\\\/?page_id=2446#primaryimage\",\"url\":\"https:\\\/\\\/vip.hyundaigranby.com\\\/wp-content\\\/uploads\\\/2021\\\/11\\\/1-ioniq5-hyundai-granby-reservation-en-ligne-scaled-e1636651543500-1024x576.jpeg\",\"contentUrl\":\"https:\\\/\\\/vip.hyundaigranby.com\\\/wp-content\\\/uploads\\\/2021\\\/11\\\/1-ioniq5-hyundai-granby-reservation-en-ligne-scaled-e1636651543500-1024x576.jpeg\"},{\"@type\":\"BreadcrumbList\",\"@id\":\"https:\\\/\\\/vip.hyundaigranby.com\\\/?page_id=2446#breadcrumb\",\"itemListElement\":[{\"@type\":\"ListItem\",\"position\":1,\"name\":\"Accueil\",\"item\":\"https:\\\/\\\/vip.hyundaigranby.com\\\/\"},{\"@type\":\"ListItem\",\"position\":2,\"name\":\"Essai routier IONIQ 5\"}]},{\"@type\":\"WebSite\",\"@id\":\"https:\\\/\\\/vip.hyundaigranby.com\\\/#website\",\"url\":\"https:\\\/\\\/vip.hyundaigranby.com\\\/\",\"name\":\"Hyundai Granby\",\"description\":\"La nouvelle exp\u00e9rience Hyundai, faites l&#039;achat ou le service de votre v\u00e9hicule sans contacts.\",\"publisher\":{\"@id\":\"https:\\\/\\\/vip.hyundaigranby.com\\\/#organization\"},\"potentialAction\":[{\"@type\":\"SearchAction\",\"target\":{\"@type\":\"EntryPoint\",\"urlTemplate\":\"https:\\\/\\\/vip.hyundaigranby.com\\\/?s={search_term_string}\"},\"query-input\":{\"@type\":\"PropertyValueSpecification\",\"valueRequired\":true,\"valueName\":\"search_term_string\"}}],\"inLanguage\":\"fr-CA\"},{\"@type\":\"Organization\",\"@id\":\"https:\\\/\\\/vip.hyundaigranby.com\\\/#organization\",\"name\":\"Hyundai Granby\",\"url\":\"https:\\\/\\\/vip.hyundaigranby.com\\\/\",\"logo\":{\"@type\":\"ImageObject\",\"inLanguage\":\"fr-CA\",\"@id\":\"https:\\\/\\\/vip.hyundaigranby.com\\\/#\\\/schema\\\/logo\\\/image\\\/\",\"url\":\"https:\\\/\\\/i1.wp.com\\\/vip.hyundaigranby.com\\\/wp-content\\\/uploads\\\/2018\\\/08\\\/New_Logo_Hyundai_2018_BLCBackground.png?fit=5000%2C1273&ssl=1\",\"contentUrl\":\"https:\\\/\\\/i1.wp.com\\\/vip.hyundaigranby.com\\\/wp-content\\\/uploads\\\/2018\\\/08\\\/New_Logo_Hyundai_2018_BLCBackground.png?fit=5000%2C1273&ssl=1\",\"width\":5000,\"height\":1273,\"caption\":\"Hyundai Granby\"},\"image\":{\"@id\":\"https:\\\/\\\/vip.hyundaigranby.com\\\/#\\\/schema\\\/logo\\\/image\\\/\"},\"sameAs\":[\"https:\\\/\\\/www.facebook.com\\\/hyundaigranby\"]}]}<\/script>\n<!-- \/ Yoast SEO plugin. -->","yoast_head_json":{"title":"Essai routier IONIQ 5 - Hyundai Granby","description":"Vous avez d\u00e9couvert la page VIP d'Hyundai Granby : venez voir, essayer, acheter ou louer un v\u00e9hicule \u00e0 Granby en Estrie.","robots":{"index":"index","follow":"follow","max-snippet":"max-snippet:-1","max-image-preview":"max-image-preview:large","max-video-preview":"max-video-preview:-1"},"canonical":"https:\/\/vip.hyundaigranby.com\/?page_id=2446","og_locale":"fr_CA","og_type":"article","og_title":"Essai routier IONIQ 5 - Hyundai Granby","og_description":"Vous avez d\u00e9couvert la page VIP d'Hyundai Granby : venez voir, essayer, acheter ou louer un v\u00e9hicule \u00e0 Granby en Estrie.","og_url":"https:\/\/vip.hyundaigranby.com\/?page_id=2446","og_site_name":"Hyundai Granby","article_publisher":"https:\/\/www.facebook.com\/hyundaigranby","article_modified_time":"2021-12-15T22:36:13+00:00","og_image":[{"url":"https:\/\/vip.hyundaigranby.com\/wp-content\/uploads\/2021\/11\/1-ioniq5-hyundai-granby-reservation-en-ligne-scaled-e1636651543500-1024x576.jpeg","type":"","width":"","height":""}],"twitter_card":"summary_large_image","twitter_misc":{"Estimation du temps de lecture":"1 minute"},"schema":{"@context":"https:\/\/schema.org","@graph":[{"@type":"WebPage","@id":"https:\/\/vip.hyundaigranby.com\/?page_id=2446","url":"https:\/\/vip.hyundaigranby.com\/?page_id=2446","name":"Essai routier IONIQ 5 - Hyundai Granby","isPartOf":{"@id":"https:\/\/vip.hyundaigranby.com\/#website"},"primaryImageOfPage":{"@id":"https:\/\/vip.hyundaigranby.com\/?page_id=2446#primaryimage"},"image":{"@id":"https:\/\/vip.hyundaigranby.com\/?page_id=2446#primaryimage"},"thumbnailUrl":"https:\/\/vip.hyundaigranby.com\/wp-content\/uploads\/2021\/11\/1-ioniq5-hyundai-granby-reservation-en-ligne-scaled-e1636651543500-1024x576.jpeg","datePublished":"2021-12-15T22:16:53+00:00","dateModified":"2021-12-15T22:36:13+00:00","description":"Vous avez d\u00e9couvert la page VIP d'Hyundai Granby : venez voir, essayer, acheter ou louer un v\u00e9hicule \u00e0 Granby en Estrie.","breadcrumb":{"@id":"https:\/\/vip.hyundaigranby.com\/?page_id=2446#breadcrumb"},"inLanguage":"fr-CA","potentialAction":[{"@type":"ReadAction","target":["https:\/\/vip.hyundaigranby.com\/?page_id=2446"]}]},{"@type":"ImageObject","inLanguage":"fr-CA","@id":"https:\/\/vip.hyundaigranby.com\/?page_id=2446#primaryimage","url":"https:\/\/vip.hyundaigranby.com\/wp-content\/uploads\/2021\/11\/1-ioniq5-hyundai-granby-reservation-en-ligne-scaled-e1636651543500-1024x576.jpeg","contentUrl":"https:\/\/vip.hyundaigranby.com\/wp-content\/uploads\/2021\/11\/1-ioniq5-hyundai-granby-reservation-en-ligne-scaled-e1636651543500-1024x576.jpeg"},{"@type":"BreadcrumbList","@id":"https:\/\/vip.hyundaigranby.com\/?page_id=2446#breadcrumb","itemListElement":[{"@type":"ListItem","position":1,"name":"Accueil","item":"https:\/\/vip.hyundaigranby.com\/"},{"@type":"ListItem","position":2,"name":"Essai routier IONIQ 5"}]},{"@type":"WebSite","@id":"https:\/\/vip.hyundaigranby.com\/#website","url":"https:\/\/vip.hyundaigranby.com\/","name":"Hyundai Granby","description":"La nouvelle exp\u00e9rience Hyundai, faites l&#039;achat ou le service de votre v\u00e9hicule sans contacts.","publisher":{"@id":"https:\/\/vip.hyundaigranby.com\/#organization"},"potentialAction":[{"@type":"SearchAction","target":{"@type":"EntryPoint","urlTemplate":"https:\/\/vip.hyundaigranby.com\/?s={search_term_string}"},"query-input":{"@type":"PropertyValueSpecification","valueRequired":true,"valueName":"search_term_string"}}],"inLanguage":"fr-CA"},{"@type":"Organization","@id":"https:\/\/vip.hyundaigranby.com\/#organization","name":"Hyundai Granby","url":"https:\/\/vip.hyundaigranby.com\/","logo":{"@type":"ImageObject","inLanguage":"fr-CA","@id":"https:\/\/vip.hyundaigranby.com\/#\/schema\/logo\/image\/","url":"https:\/\/i1.wp.com\/vip.hyundaigranby.com\/wp-content\/uploads\/2018\/08\/New_Logo_Hyundai_2018_BLCBackground.png?fit=5000%2C1273&ssl=1","contentUrl":"https:\/\/i1.wp.com\/vip.hyundaigranby.com\/wp-content\/uploads\/2018\/08\/New_Logo_Hyundai_2018_BLCBackground.png?fit=5000%2C1273&ssl=1","width":5000,"height":1273,"caption":"Hyundai Granby"},"image":{"@id":"https:\/\/vip.hyundaigranby.com\/#\/schema\/logo\/image\/"},"sameAs":["https:\/\/www.facebook.com\/hyundaigranby"]}]}},"_links":{"self":[{"href":"https:\/\/vip.hyundaigranby.com\/index.php?rest_route=\/wp\/v2\/pages\/2446","targetHints":{"allow":["GET"]}}],"collection":[{"href":"https:\/\/vip.hyundaigranby.com\/index.php?rest_route=\/wp\/v2\/pages"}],"about":[{"href":"https:\/\/vip.hyundaigranby.com\/index.php?rest_route=\/wp\/v2\/types\/page"}],"author":[{"embeddable":true,"href":"https:\/\/vip.hyundaigranby.com\/index.php?rest_route=\/wp\/v2\/users\/2"}],"replies":[{"embeddable":true,"href":"https:\/\/vip.hyundaigranby.com\/index.php?rest_route=%2Fwp%2Fv2%2Fcomments&post=2446"}],"version-history":[{"count":6,"href":"https:\/\/vip.hyundaigranby.com\/index.php?rest_route=\/wp\/v2\/pages\/2446\/revisions"}],"predecessor-version":[{"id":2456,"href":"https:\/\/vip.hyundaigranby.com\/index.php?rest_route=\/wp\/v2\/pages\/2446\/revisions\/2456"}],"wp:attachment":[{"href":"https:\/\/vip.hyundaigranby.com\/index.php?rest_route=%2Fwp%2Fv2%2Fmedia&parent=2446"}],"curies":[{"name":"wp","href":"https:\/\/api.w.org\/{rel}","templated":true}]}}