{"id":2505,"date":"2021-12-28T18:33:54","date_gmt":"2021-12-28T18:33:54","guid":{"rendered":"https:\/\/vip.hyundaigranby.com\/?page_id=2505"},"modified":"2021-12-28T18:41:30","modified_gmt":"2021-12-28T18:41:30","slug":"elementor-2505","status":"publish","type":"page","link":"https:\/\/vip.hyundaigranby.com\/?page_id=2505","title":{"rendered":"Merci Hyundai Granby"},"content":{"rendered":"\t\t<div data-elementor-type=\"wp-page\" data-elementor-id=\"2505\" class=\"elementor elementor-2505\" data-elementor-post-type=\"page\">\n\t\t\t\t\t\t<section class=\"elementor-section elementor-top-section elementor-element elementor-element-8c1077f elementor-section-boxed elementor-section-height-default elementor-section-height-default\" data-id=\"8c1077f\" data-element_type=\"section\" data-e-type=\"section\">\n\t\t\t\t\t\t<div class=\"elementor-container elementor-column-gap-default\">\n\t\t\t\t\t<div class=\"elementor-column elementor-col-33 elementor-top-column elementor-element elementor-element-6ff7ced\" data-id=\"6ff7ced\" data-element_type=\"column\" data-e-type=\"column\">\n\t\t\t<div class=\"elementor-widget-wrap\">\n\t\t\t\t\t\t\t<\/div>\n\t\t<\/div>\n\t\t\t\t<div class=\"elementor-column elementor-col-33 elementor-top-column elementor-element elementor-element-4a7bd95\" data-id=\"4a7bd95\" data-element_type=\"column\" data-e-type=\"column\">\n\t\t\t<div class=\"elementor-widget-wrap elementor-element-populated\">\n\t\t\t\t\t\t<div class=\"elementor-element elementor-element-1e9daac elementor-widget elementor-widget-heading\" data-id=\"1e9daac\" data-element_type=\"widget\" data-e-type=\"widget\" data-widget_type=\"heading.default\">\n\t\t\t\t\t<h2 class=\"elementor-heading-title elementor-size-default\">MERCI<\/h2>\t\t\t\t<\/div>\n\t\t\t\t<div class=\"elementor-element elementor-element-b2a12e6 elementor-widget elementor-widget-text-editor\" data-id=\"b2a12e6\" data-element_type=\"widget\" data-e-type=\"widget\" data-widget_type=\"text-editor.default\">\n\t\t\t\t\t\t\t\t\t<p>Nous avons bien re\u00e7u votre demande et l\u2019un de nos<br \/>conseillers communiquera avec vous sous peu.<\/p>\t\t\t\t\t\t\t\t<\/div>\n\t\t\t\t\t<\/div>\n\t\t<\/div>\n\t\t\t\t<div class=\"elementor-column elementor-col-33 elementor-top-column elementor-element elementor-element-3757142\" data-id=\"3757142\" data-element_type=\"column\" data-e-type=\"column\">\n\t\t\t<div class=\"elementor-widget-wrap\">\n\t\t\t\t\t\t\t<\/div>\n\t\t<\/div>\n\t\t\t\t\t<\/div>\n\t\t<\/section>\n\t\t\t\t<section class=\"elementor-section elementor-top-section elementor-element elementor-element-beb1d58 elementor-section-boxed elementor-section-height-default elementor-section-height-default\" data-id=\"beb1d58\" data-element_type=\"section\" data-e-type=\"section\" data-settings=\"{&quot;background_background&quot;:&quot;classic&quot;}\">\n\t\t\t\t\t\t<div class=\"elementor-container elementor-column-gap-no\">\n\t\t\t\t\t<div class=\"elementor-column elementor-col-50 elementor-top-column elementor-element elementor-element-29f1be2\" data-id=\"29f1be2\" data-element_type=\"column\" data-e-type=\"column\">\n\t\t\t<div class=\"elementor-widget-wrap elementor-element-populated\">\n\t\t\t\t\t\t<div class=\"elementor-element elementor-element-14c6050 elementor-widget elementor-widget-heading\" data-id=\"14c6050\" data-element_type=\"widget\" data-e-type=\"widget\" data-widget_type=\"heading.default\">\n\t\t\t\t\t<h3 class=\"elementor-heading-title elementor-size-default\">Communiquer avec notre \u00e9quipe<\/h3>\t\t\t\t<\/div>\n\t\t\t\t\t<\/div>\n\t\t<\/div>\n\t\t\t\t<div class=\"elementor-column elementor-col-50 elementor-top-column elementor-element elementor-element-cea637e\" data-id=\"cea637e\" data-element_type=\"column\" data-e-type=\"column\">\n\t\t\t<div class=\"elementor-widget-wrap elementor-element-populated\">\n\t\t\t\t\t\t<section class=\"elementor-section elementor-inner-section elementor-element elementor-element-8e1756a elementor-section-boxed elementor-section-height-default elementor-section-height-default\" data-id=\"8e1756a\" data-element_type=\"section\" data-e-type=\"section\">\n\t\t\t\t\t\t<div class=\"elementor-container elementor-column-gap-default\">\n\t\t\t\t\t<div class=\"elementor-column elementor-col-33 elementor-inner-column elementor-element elementor-element-a48c7dc\" data-id=\"a48c7dc\" data-element_type=\"column\" data-e-type=\"column\">\n\t\t\t<div class=\"elementor-widget-wrap elementor-element-populated\">\n\t\t\t\t\t\t<div class=\"elementor-element elementor-element-aaecc50 elementor-view-default elementor-widget elementor-widget-icon\" data-id=\"aaecc50\" data-element_type=\"widget\" data-e-type=\"widget\" data-widget_type=\"icon.default\">\n\t\t\t\t\t\t\t<div class=\"elementor-icon-wrapper\">\n\t\t\t<a class=\"elementor-icon\" href=\"http:\/\/m.me\/hyundaigranby\">\n\t\t\t<svg aria-hidden=\"true\" class=\"e-font-icon-svg e-fab-facebook-messenger\" viewBox=\"0 0 512 512\" xmlns=\"http:\/\/www.w3.org\/2000\/svg\"><path d=\"M256.55 8C116.52 8 8 110.34 8 248.57c0 72.3 29.71 134.78 78.07 177.94 8.35 7.51 6.63 11.86 8.05 58.23A19.92 19.92 0 0 0 122 502.31c52.91-23.3 53.59-25.14 62.56-22.7C337.85 521.8 504 423.7 504 248.57 504 110.34 396.59 8 256.55 8zm149.24 185.13l-73 115.57a37.37 37.37 0 0 1-53.91 9.93l-58.08-43.47a15 15 0 0 0-18 0l-78.37 59.44c-10.46 7.93-24.16-4.6-17.11-15.67l73-115.57a37.36 37.36 0 0 1 53.91-9.93l58.06 43.46a15 15 0 0 0 18 0l78.41-59.38c10.44-7.98 24.14 4.54 17.09 15.62z\"><\/path><\/svg>\t\t\t<\/a>\n\t\t<\/div>\n\t\t\t\t\t\t<\/div>\n\t\t\t\t<div class=\"elementor-element elementor-element-0556d41 elementor-widget elementor-widget-text-editor\" data-id=\"0556d41\" data-element_type=\"widget\" data-e-type=\"widget\" data-widget_type=\"text-editor.default\">\n\t\t\t\t\t\t\t\t\t<p>Facebook Messenger<\/p>\t\t\t\t\t\t\t\t<\/div>\n\t\t\t\t\t<\/div>\n\t\t<\/div>\n\t\t\t\t<div class=\"elementor-column elementor-col-33 elementor-inner-column elementor-element elementor-element-b5757e3\" data-id=\"b5757e3\" data-element_type=\"column\" data-e-type=\"column\">\n\t\t\t<div class=\"elementor-widget-wrap elementor-element-populated\">\n\t\t\t\t\t\t<div class=\"elementor-element elementor-element-2bb4893 elementor-view-default elementor-widget elementor-widget-icon\" data-id=\"2bb4893\" data-element_type=\"widget\" data-e-type=\"widget\" data-widget_type=\"icon.default\">\n\t\t\t\t\t\t\t<div class=\"elementor-icon-wrapper\">\n\t\t\t<a class=\"elementor-icon\" href=\"tel:\/\/4503784666\">\n\t\t\t<svg aria-hidden=\"true\" class=\"e-font-icon-svg e-fas-phone-alt\" viewBox=\"0 0 512 512\" xmlns=\"http:\/\/www.w3.org\/2000\/svg\"><path d=\"M497.39 361.8l-112-48a24 24 0 0 0-28 6.9l-49.6 60.6A370.66 370.66 0 0 1 130.6 204.11l60.6-49.6a23.94 23.94 0 0 0 6.9-28l-48-112A24.16 24.16 0 0 0 122.6.61l-104 24A24 24 0 0 0 0 48c0 256.5 207.9 464 464 464a24 24 0 0 0 23.4-18.6l24-104a24.29 24.29 0 0 0-14.01-27.6z\"><\/path><\/svg>\t\t\t<\/a>\n\t\t<\/div>\n\t\t\t\t\t\t<\/div>\n\t\t\t\t<div class=\"elementor-element elementor-element-c24870b elementor-widget elementor-widget-text-editor\" data-id=\"c24870b\" data-element_type=\"widget\" data-e-type=\"widget\" data-widget_type=\"text-editor.default\">\n\t\t\t\t\t\t\t\t\t<p>Appel t\u00e9l\u00e9phonique<\/p>\t\t\t\t\t\t\t\t<\/div>\n\t\t\t\t\t<\/div>\n\t\t<\/div>\n\t\t\t\t<div class=\"elementor-column elementor-col-33 elementor-inner-column elementor-element elementor-element-a3d7209\" data-id=\"a3d7209\" data-element_type=\"column\" data-e-type=\"column\">\n\t\t\t<div class=\"elementor-widget-wrap elementor-element-populated\">\n\t\t\t\t\t\t<div class=\"elementor-element elementor-element-cf60135 elementor-view-default elementor-widget elementor-widget-icon\" data-id=\"cf60135\" data-element_type=\"widget\" data-e-type=\"widget\" data-widget_type=\"icon.default\">\n\t\t\t\t\t\t\t<div class=\"elementor-icon-wrapper\">\n\t\t\t<div class=\"elementor-icon\">\n\t\t\t<svg aria-hidden=\"true\" class=\"e-font-icon-svg e-fas-video\" viewBox=\"0 0 576 512\" xmlns=\"http:\/\/www.w3.org\/2000\/svg\"><path d=\"M336.2 64H47.8C21.4 64 0 85.4 0 111.8v288.4C0 426.6 21.4 448 47.8 448h288.4c26.4 0 47.8-21.4 47.8-47.8V111.8c0-26.4-21.4-47.8-47.8-47.8zm189.4 37.7L416 177.3v157.4l109.6 75.5c21.2 14.6 50.4-.3 50.4-25.8V127.5c0-25.4-29.1-40.4-50.4-25.8z\"><\/path><\/svg>\t\t\t<\/div>\n\t\t<\/div>\n\t\t\t\t\t\t<\/div>\n\t\t\t\t<div class=\"elementor-element elementor-element-965cf1f elementor-widget elementor-widget-text-editor\" data-id=\"965cf1f\" data-element_type=\"widget\" data-e-type=\"widget\" data-widget_type=\"text-editor.default\">\n\t\t\t\t\t\t\t\t\t<p>Appel vid\u00e9o<\/p>\t\t\t\t\t\t\t\t<\/div>\n\t\t\t\t\t<\/div>\n\t\t<\/div>\n\t\t\t\t\t<\/div>\n\t\t<\/section>\n\t\t\t\t\t<\/div>\n\t\t<\/div>\n\t\t\t\t\t<\/div>\n\t\t<\/section>\n\t\t\t\t<\/div>\n\t\t","protected":false},"excerpt":{"rendered":"<p>MERCI Nous avons bien re\u00e7u votre demande et l\u2019un de nosconseillers communiquera avec vous sous peu. Communiquer avec notre \u00e9quipe Facebook Messenger Appel t\u00e9l\u00e9phonique Appel vid\u00e9o<\/p>\n","protected":false},"author":2,"featured_media":0,"parent":0,"menu_order":0,"comment_status":"closed","ping_status":"closed","template":"","meta":{"site-sidebar-layout":"no-sidebar","site-content-layout":"page-builder","ast-site-content-layout":"default","site-content-style":"default","site-sidebar-style":"default","ast-global-header-display":"","ast-banner-title-visibility":"","ast-main-header-display":"","ast-hfb-above-header-display":"","ast-hfb-below-header-display":"","ast-hfb-mobile-header-display":"","site-post-title":"disabled","ast-breadcrumbs-content":"","ast-featured-img":"disabled","footer-sml-layout":"","ast-disable-related-posts":"","theme-transparent-header-meta":"default","adv-header-id-meta":"","stick-header-meta":"","header-above-stick-meta":"","header-main-stick-meta":"","header-below-stick-meta":"","astra-migrate-meta-layouts":"default","ast-page-background-enabled":"default","ast-page-background-meta":{"desktop":{"background-color":"","background-image":"","background-repeat":"repeat","background-position":"center center","background-size":"auto","background-attachment":"scroll","background-type":"","background-media":"","overlay-type":"","overlay-color":"","overlay-opacity":"","overlay-gradient":""},"tablet":{"background-color":"","background-image":"","background-repeat":"repeat","background-position":"center center","background-size":"auto","background-attachment":"scroll","background-type":"","background-media":"","overlay-type":"","overlay-color":"","overlay-opacity":"","overlay-gradient":""},"mobile":{"background-color":"","background-image":"","background-repeat":"repeat","background-position":"center center","background-size":"auto","background-attachment":"scroll","background-type":"","background-media":"","overlay-type":"","overlay-color":"","overlay-opacity":"","overlay-gradient":""}},"ast-content-background-meta":{"desktop":{"background-color":"var(--ast-global-color-5)","background-image":"","background-repeat":"repeat","background-position":"center center","background-size":"auto","background-attachment":"scroll","background-type":"","background-media":"","overlay-type":"","overlay-color":"","overlay-opacity":"","overlay-gradient":""},"tablet":{"background-color":"var(--ast-global-color-5)","background-image":"","background-repeat":"repeat","background-position":"center center","background-size":"auto","background-attachment":"scroll","background-type":"","background-media":"","overlay-type":"","overlay-color":"","overlay-opacity":"","overlay-gradient":""},"mobile":{"background-color":"var(--ast-global-color-5)","background-image":"","background-repeat":"repeat","background-position":"center center","background-size":"auto","background-attachment":"scroll","background-type":"","background-media":"","overlay-type":"","overlay-color":"","overlay-opacity":"","overlay-gradient":""}},"footnotes":""},"class_list":["post-2505","page","type-page","status-publish","hentry"],"yoast_head":"<!-- This site is optimized with the Yoast SEO plugin v27.4 - https:\/\/yoast.com\/product\/yoast-seo-wordpress\/ -->\n<title>Merci Hyundai Granby - Hyundai Granby<\/title>\n<meta name=\"description\" content=\"Vous avez d\u00e9couvert la page VIP d&#039;Hyundai Granby : venez voir, essayer, acheter ou louer un v\u00e9hicule \u00e0 Granby en Estrie.\" \/>\n<meta name=\"robots\" content=\"index, follow, max-snippet:-1, max-image-preview:large, max-video-preview:-1\" \/>\n<link rel=\"canonical\" href=\"https:\/\/vip.hyundaigranby.com\/?page_id=2505\" \/>\n<meta property=\"og:locale\" content=\"fr_CA\" \/>\n<meta property=\"og:type\" content=\"article\" \/>\n<meta property=\"og:title\" content=\"Merci Hyundai Granby - Hyundai Granby\" \/>\n<meta property=\"og:description\" content=\"Vous avez d\u00e9couvert la page VIP d&#039;Hyundai Granby : venez voir, essayer, acheter ou louer un v\u00e9hicule \u00e0 Granby en Estrie.\" \/>\n<meta property=\"og:url\" content=\"https:\/\/vip.hyundaigranby.com\/?page_id=2505\" \/>\n<meta property=\"og:site_name\" content=\"Hyundai Granby\" \/>\n<meta property=\"article:publisher\" content=\"https:\/\/www.facebook.com\/hyundaigranby\" \/>\n<meta property=\"article:modified_time\" content=\"2021-12-28T18:41:30+00:00\" \/>\n<meta name=\"twitter:card\" content=\"summary_large_image\" \/>\n<meta name=\"twitter:label1\" content=\"Estimation du temps de lecture\" \/>\n\t<meta name=\"twitter:data1\" content=\"1 minute\" \/>\n<script type=\"application\/ld+json\" class=\"yoast-schema-graph\">{\"@context\":\"https:\\\/\\\/schema.org\",\"@graph\":[{\"@type\":\"WebPage\",\"@id\":\"https:\\\/\\\/vip.hyundaigranby.com\\\/?page_id=2505\",\"url\":\"https:\\\/\\\/vip.hyundaigranby.com\\\/?page_id=2505\",\"name\":\"Merci Hyundai Granby - Hyundai Granby\",\"isPartOf\":{\"@id\":\"https:\\\/\\\/vip.hyundaigranby.com\\\/#website\"},\"datePublished\":\"2021-12-28T18:33:54+00:00\",\"dateModified\":\"2021-12-28T18:41:30+00:00\",\"description\":\"Vous avez d\u00e9couvert la page VIP d'Hyundai Granby : venez voir, essayer, acheter ou louer un v\u00e9hicule \u00e0 Granby en Estrie.\",\"breadcrumb\":{\"@id\":\"https:\\\/\\\/vip.hyundaigranby.com\\\/?page_id=2505#breadcrumb\"},\"inLanguage\":\"fr-CA\",\"potentialAction\":[{\"@type\":\"ReadAction\",\"target\":[\"https:\\\/\\\/vip.hyundaigranby.com\\\/?page_id=2505\"]}]},{\"@type\":\"BreadcrumbList\",\"@id\":\"https:\\\/\\\/vip.hyundaigranby.com\\\/?page_id=2505#breadcrumb\",\"itemListElement\":[{\"@type\":\"ListItem\",\"position\":1,\"name\":\"Accueil\",\"item\":\"https:\\\/\\\/vip.hyundaigranby.com\\\/\"},{\"@type\":\"ListItem\",\"position\":2,\"name\":\"Merci Hyundai Granby\"}]},{\"@type\":\"WebSite\",\"@id\":\"https:\\\/\\\/vip.hyundaigranby.com\\\/#website\",\"url\":\"https:\\\/\\\/vip.hyundaigranby.com\\\/\",\"name\":\"Hyundai Granby\",\"description\":\"La nouvelle exp\u00e9rience Hyundai, faites l&#039;achat ou le service de votre v\u00e9hicule sans contacts.\",\"publisher\":{\"@id\":\"https:\\\/\\\/vip.hyundaigranby.com\\\/#organization\"},\"potentialAction\":[{\"@type\":\"SearchAction\",\"target\":{\"@type\":\"EntryPoint\",\"urlTemplate\":\"https:\\\/\\\/vip.hyundaigranby.com\\\/?s={search_term_string}\"},\"query-input\":{\"@type\":\"PropertyValueSpecification\",\"valueRequired\":true,\"valueName\":\"search_term_string\"}}],\"inLanguage\":\"fr-CA\"},{\"@type\":\"Organization\",\"@id\":\"https:\\\/\\\/vip.hyundaigranby.com\\\/#organization\",\"name\":\"Hyundai Granby\",\"url\":\"https:\\\/\\\/vip.hyundaigranby.com\\\/\",\"logo\":{\"@type\":\"ImageObject\",\"inLanguage\":\"fr-CA\",\"@id\":\"https:\\\/\\\/vip.hyundaigranby.com\\\/#\\\/schema\\\/logo\\\/image\\\/\",\"url\":\"https:\\\/\\\/i1.wp.com\\\/vip.hyundaigranby.com\\\/wp-content\\\/uploads\\\/2018\\\/08\\\/New_Logo_Hyundai_2018_BLCBackground.png?fit=5000%2C1273&ssl=1\",\"contentUrl\":\"https:\\\/\\\/i1.wp.com\\\/vip.hyundaigranby.com\\\/wp-content\\\/uploads\\\/2018\\\/08\\\/New_Logo_Hyundai_2018_BLCBackground.png?fit=5000%2C1273&ssl=1\",\"width\":5000,\"height\":1273,\"caption\":\"Hyundai Granby\"},\"image\":{\"@id\":\"https:\\\/\\\/vip.hyundaigranby.com\\\/#\\\/schema\\\/logo\\\/image\\\/\"},\"sameAs\":[\"https:\\\/\\\/www.facebook.com\\\/hyundaigranby\"]}]}<\/script>\n<!-- \/ Yoast SEO plugin. -->","yoast_head_json":{"title":"Merci Hyundai Granby - Hyundai Granby","description":"Vous avez d\u00e9couvert la page VIP d'Hyundai Granby : venez voir, essayer, acheter ou louer un v\u00e9hicule \u00e0 Granby en Estrie.","robots":{"index":"index","follow":"follow","max-snippet":"max-snippet:-1","max-image-preview":"max-image-preview:large","max-video-preview":"max-video-preview:-1"},"canonical":"https:\/\/vip.hyundaigranby.com\/?page_id=2505","og_locale":"fr_CA","og_type":"article","og_title":"Merci Hyundai Granby - Hyundai Granby","og_description":"Vous avez d\u00e9couvert la page VIP d'Hyundai Granby : venez voir, essayer, acheter ou louer un v\u00e9hicule \u00e0 Granby en Estrie.","og_url":"https:\/\/vip.hyundaigranby.com\/?page_id=2505","og_site_name":"Hyundai Granby","article_publisher":"https:\/\/www.facebook.com\/hyundaigranby","article_modified_time":"2021-12-28T18:41:30+00:00","twitter_card":"summary_large_image","twitter_misc":{"Estimation du temps de lecture":"1 minute"},"schema":{"@context":"https:\/\/schema.org","@graph":[{"@type":"WebPage","@id":"https:\/\/vip.hyundaigranby.com\/?page_id=2505","url":"https:\/\/vip.hyundaigranby.com\/?page_id=2505","name":"Merci Hyundai Granby - Hyundai Granby","isPartOf":{"@id":"https:\/\/vip.hyundaigranby.com\/#website"},"datePublished":"2021-12-28T18:33:54+00:00","dateModified":"2021-12-28T18:41:30+00:00","description":"Vous avez d\u00e9couvert la page VIP d'Hyundai Granby : venez voir, essayer, acheter ou louer un v\u00e9hicule \u00e0 Granby en Estrie.","breadcrumb":{"@id":"https:\/\/vip.hyundaigranby.com\/?page_id=2505#breadcrumb"},"inLanguage":"fr-CA","potentialAction":[{"@type":"ReadAction","target":["https:\/\/vip.hyundaigranby.com\/?page_id=2505"]}]},{"@type":"BreadcrumbList","@id":"https:\/\/vip.hyundaigranby.com\/?page_id=2505#breadcrumb","itemListElement":[{"@type":"ListItem","position":1,"name":"Accueil","item":"https:\/\/vip.hyundaigranby.com\/"},{"@type":"ListItem","position":2,"name":"Merci Hyundai Granby"}]},{"@type":"WebSite","@id":"https:\/\/vip.hyundaigranby.com\/#website","url":"https:\/\/vip.hyundaigranby.com\/","name":"Hyundai Granby","description":"La nouvelle exp\u00e9rience Hyundai, faites l&#039;achat ou le service de votre v\u00e9hicule sans contacts.","publisher":{"@id":"https:\/\/vip.hyundaigranby.com\/#organization"},"potentialAction":[{"@type":"SearchAction","target":{"@type":"EntryPoint","urlTemplate":"https:\/\/vip.hyundaigranby.com\/?s={search_term_string}"},"query-input":{"@type":"PropertyValueSpecification","valueRequired":true,"valueName":"search_term_string"}}],"inLanguage":"fr-CA"},{"@type":"Organization","@id":"https:\/\/vip.hyundaigranby.com\/#organization","name":"Hyundai Granby","url":"https:\/\/vip.hyundaigranby.com\/","logo":{"@type":"ImageObject","inLanguage":"fr-CA","@id":"https:\/\/vip.hyundaigranby.com\/#\/schema\/logo\/image\/","url":"https:\/\/i1.wp.com\/vip.hyundaigranby.com\/wp-content\/uploads\/2018\/08\/New_Logo_Hyundai_2018_BLCBackground.png?fit=5000%2C1273&ssl=1","contentUrl":"https:\/\/i1.wp.com\/vip.hyundaigranby.com\/wp-content\/uploads\/2018\/08\/New_Logo_Hyundai_2018_BLCBackground.png?fit=5000%2C1273&ssl=1","width":5000,"height":1273,"caption":"Hyundai Granby"},"image":{"@id":"https:\/\/vip.hyundaigranby.com\/#\/schema\/logo\/image\/"},"sameAs":["https:\/\/www.facebook.com\/hyundaigranby"]}]}},"_links":{"self":[{"href":"https:\/\/vip.hyundaigranby.com\/index.php?rest_route=\/wp\/v2\/pages\/2505","targetHints":{"allow":["GET"]}}],"collection":[{"href":"https:\/\/vip.hyundaigranby.com\/index.php?rest_route=\/wp\/v2\/pages"}],"about":[{"href":"https:\/\/vip.hyundaigranby.com\/index.php?rest_route=\/wp\/v2\/types\/page"}],"author":[{"embeddable":true,"href":"https:\/\/vip.hyundaigranby.com\/index.php?rest_route=\/wp\/v2\/users\/2"}],"replies":[{"embeddable":true,"href":"https:\/\/vip.hyundaigranby.com\/index.php?rest_route=%2Fwp%2Fv2%2Fcomments&post=2505"}],"version-history":[{"count":8,"href":"https:\/\/vip.hyundaigranby.com\/index.php?rest_route=\/wp\/v2\/pages\/2505\/revisions"}],"predecessor-version":[{"id":2514,"href":"https:\/\/vip.hyundaigranby.com\/index.php?rest_route=\/wp\/v2\/pages\/2505\/revisions\/2514"}],"wp:attachment":[{"href":"https:\/\/vip.hyundaigranby.com\/index.php?rest_route=%2Fwp%2Fv2%2Fmedia&parent=2505"}],"curies":[{"name":"wp","href":"https:\/\/api.w.org\/{rel}","templated":true}]}}